{"id":2,"date":"2022-02-07T15:58:23","date_gmt":"2022-02-07T15:58:23","guid":{"rendered":"http:\/\/localhost\/wordpress\/?page_id=2"},"modified":"2022-02-08T14:32:46","modified_gmt":"2022-02-08T14:32:46","slug":"o-nas","status":"publish","type":"page","link":"https:\/\/www.truhlarstvisobotka.cz\/","title":{"rendered":""},"content":{"rendered":"\n<div class=\"wp-block-nextend-smartslider3\"><\/div>\n\n\n\n<p><\/p>\n\n\n\n<div style=\"height:84px\" aria-hidden=\"true\" class=\"wp-block-spacer\"><\/div>\n\n\n\n<p class=\"has-text-align-center has-black-color has-text-color has-medium-font-size\">Specializujeme se na zak\u00e1zkovou v\u00fdrobu a opravy dve\u0159\u00ed, oken, n\u00e1bytku z masivn\u00edho d\u0159eva i drobn\u011bj\u0161\u00edch d\u0159ev\u011bn\u00fdch v\u00fdrobk\u016f, v\u010detn\u011b v\u00fdroby replik p\u016fvodn\u00edch stavebn\u00edch v\u00fdpln\u00ed za pou\u017eit\u00ed sou\u010dasn\u00fdch technologi\u00ed.<\/p>\n\n\n\n<p class=\"has-text-align-center has-black-color has-text-color has-medium-font-size\">V posledn\u00ed dob\u011b se v\u011bnujeme i v\u00fdrob\u011b soustru\u017een\u00fdch v\u00fdrobk\u016f, nap\u0159\u00edklad misek, sv\u00edcn\u016f a p\u0159edev\u0161\u00edm replik d\u0159ev\u011bn\u00fdch hlavic na \u0159ad\u00edc\u00ed p\u00e1ky automobil\u016f.<\/p>\n\n\n\n<div style=\"height:113px\" aria-hidden=\"true\" class=\"wp-block-spacer\"><\/div>\n\n\n\n<p><\/p>\n","protected":false},"excerpt":{"rendered":"<p>Specializujeme se na zak\u00e1zkovou v\u00fdrobu a opravy dve\u0159\u00ed, oken, n\u00e1bytku z masivn\u00edho d\u0159eva i drobn\u011bj\u0161\u00edch d\u0159ev\u011bn\u00fdch v\u00fdrobk\u016f, v\u010detn\u011b v\u00fdroby replik p\u016fvodn\u00edch stavebn\u00edch v\u00fdpln\u00ed za pou\u017eit\u00ed sou\u010dasn\u00fdch technologi\u00ed. V posledn\u00ed dob\u011b se v\u011bnujeme i v\u00fdrob\u011b soustru\u017een\u00fdch v\u00fdrobk\u016f, nap\u0159\u00edklad misek, sv\u00edcn\u016f a p\u0159edev\u0161\u00edm replik d\u0159ev\u011bn\u00fdch hlavic na \u0159ad\u00edc\u00ed p\u00e1ky automobil\u016f.<\/p>\n","protected":false},"author":1,"featured_media":0,"parent":0,"menu_order":1,"comment_status":"closed","ping_status":"open","template":"template-page-builder.php","meta":[],"_links":{"self":[{"href":"https:\/\/www.truhlarstvisobotka.cz\/index.php\/wp-json\/wp\/v2\/pages\/2"}],"collection":[{"href":"https:\/\/www.truhlarstvisobotka.cz\/index.php\/wp-json\/wp\/v2\/pages"}],"about":[{"href":"https:\/\/www.truhlarstvisobotka.cz\/index.php\/wp-json\/wp\/v2\/types\/page"}],"author":[{"embeddable":true,"href":"https:\/\/www.truhlarstvisobotka.cz\/index.php\/wp-json\/wp\/v2\/users\/1"}],"replies":[{"embeddable":true,"href":"https:\/\/www.truhlarstvisobotka.cz\/index.php\/wp-json\/wp\/v2\/comments?post=2"}],"version-history":[{"count":21,"href":"https:\/\/www.truhlarstvisobotka.cz\/index.php\/wp-json\/wp\/v2\/pages\/2\/revisions"}],"predecessor-version":[{"id":147,"href":"https:\/\/www.truhlarstvisobotka.cz\/index.php\/wp-json\/wp\/v2\/pages\/2\/revisions\/147"}],"wp:attachment":[{"href":"https:\/\/www.truhlarstvisobotka.cz\/index.php\/wp-json\/wp\/v2\/media?parent=2"}],"curies":[{"name":"wp","href":"https:\/\/api.w.org\/{rel}","templated":true}]}}